{"id":18,"date":"2018-05-31T18:23:13","date_gmt":"2018-05-31T16:23:13","guid":{"rendered":"http:\/\/pamukarchitektur.de\/imprint\/"},"modified":"2018-06-20T15:06:32","modified_gmt":"2018-06-20T13:06:32","slug":"imprint","status":"publish","type":"page","link":"https:\/\/pamukarchitektur.de\/en\/imprint\/","title":{"rendered":"Imprint"},"content":{"rendered":"<div class=\"wpb-content-wrapper\"><p>[vc_row][vc_column width=&#8221;2\/3&#8243;][vc_column_text]<\/p>\n<h2>Impressum<\/h2>\n<p>&nbsp;<\/p>\n<p>Architekturb\u00fcro Dipl.-Ing. H\u00fcseyin Pamuk<br \/>\nFreischaffender Architekt AKB<br \/>\nHindenburgdamm 43\/44, 12203 Berlin<br \/>\nUmsatzsteuer-ID: DE 183457007<br \/>\nAKB-Nr.: 06542<\/p>\n<p>&nbsp;<\/p>\n<p>Haftungsausschuss<\/p>\n<p>Das Architekturb\u00fcro Dipl.-Ing. H\u00fcseyin Pamuk, Freischaffender Architekt, AKB ist nicht verantwortlich f\u00fcr die Inhalte externer Internetseiten. Bei direkten oder indirekten Verweisen auf fremde Internetseiten oder &#8220;Links&#8221;, die au\u00dferhalb des Verantwortungsbereiches Architekturb\u00fcros Dipl.-Ing. H\u00fcseyin Pamuk, Freischaffender Architekt, AKB liegen, tritt eine Haftungsverpflichtung ausschlie\u00dflich in dem Fall ein, in dem das Architekturb\u00fcro Dipl.-Ing. H\u00fcseyin Pamuk, Freischaffender Architekt, AKB von den fremden Inhalten Kenntnis hat und es ihr technisch m\u00f6glich und zumutbar w\u00e4re, die Nutzung im Falle rechtwidriger Inhalte zu verhindern. Das Architekturb\u00fcro Dipl.-Ing. H\u00fcseyin Pamuk, Freischaffender Architekt, AKB erkl\u00e4rt hiermit ausdr\u00fccklich, dass zum Zeitpunkt der Linksetzung die entsprechenden verlinkten Seiten frei von illegalen Inhalten waren. Auf die aktuelle und zuk\u00fcnftige Gestaltung, die Inhalte oder die Urheberschaft der gelinkten\/verkn\u00fcpften Seiten hat das Architekturb\u00fcro Dipl.-Ing. H\u00fcseyin Pamuk, Freischaffender Architekt, AKB keinerlei Einfluss. Es distanziert sich daher ausdr\u00fccklich von allen Inhalten aller gelinkten\/ verkn\u00fcpften Seiten, die nach der Linksetzung ver\u00e4ndert wurden. Diese Feststellung gilt f\u00fcr alle innerhalb des eigenen Internetangebotes gesetzten Links und Verweise. F\u00fcr illegale, fehlerhafte oder unvollst\u00e4ndige Inhalte und insbesondere f\u00fcr Sch\u00e4den, die aus der Nutzung oder Nichtnutzung solcher Art dargebotener Informationen entstehen, haftet allein der Anbieter der Seite, auf welchen verwiesen wurde.<br \/>\nDie Europ\u00e4ische Kommission bietet eine Plattform zur Online-Streitbeilegung an, die hier zu finden ist: www.wa-recht.de\/os-plattform. Das Architekturb\u00fcro Dipl.-Ing. H\u00fcseyin Pamuk, Freischaffender Architekt, AKBist weder bereit noch verpflichtet, an Streitbeilegungsverfahren vor Verbraucherschlichtungsstellen teilzunehmen.<\/p>\n<p>&nbsp;<\/p>\n<p>Redaktion<br \/>\nEVIM Real Estate GmbH<br \/>\nClaudia Staude<\/p>\n<p>Webdesign<br \/>\nMarta Ricci Design<br \/>\n<a href=\"http:\/\/www.martaricci.de\">www.martaricci.de<\/a><\/p>\n<p>Fotografie<br \/>\nFelix L\u00f6cher<br \/>\n<a href=\"http:\/\/www.sichtkreis.com\">www.sichtkreis.com<\/a><\/p>\n<p>Fotografie K\u00f6nigsbr\u00fccker Stra\u00dfe: Munir Bagriacik[\/vc_column_text][\/vc_column][vc_column width=&#8221;1\/3&#8243;][\/vc_column][\/vc_row]<\/p>\n<\/div>","protected":false},"excerpt":{"rendered":"<p>[vc_row][vc_column width=&#8221;2\/3&#8243;][vc_column_text] Impressum &nbsp; Architekturb\u00fcro Dipl.-Ing. H\u00fcseyin Pamuk Freischaffender Architekt AKB Hindenburgdamm 43\/44, 12203 Berlin Umsatzsteuer-ID: DE 183457007 AKB-Nr.: 06542 &nbsp; Haftungsausschuss Das Architekturb\u00fcro Dipl.-Ing. H\u00fcseyin Pamuk, Freischaffender Architekt, AKB ist nicht verantwortlich f\u00fcr die Inhalte externer Internetseiten. Bei direkten oder indirekten Verweisen auf fremde Internetseiten oder &#8220;Links&#8221;, die au\u00dferhalb des Verantwortungsbereiches Architekturb\u00fcros Dipl.-Ing. H\u00fcseyin &hellip; <a href=\"https:\/\/pamukarchitektur.de\/en\/imprint\/\" class=\"more-link\">Continue reading<span class=\"screen-reader-text\"> &#8220;Imprint&#8221;<\/span><\/a><\/p>\n","protected":false},"author":1,"featured_media":0,"parent":0,"menu_order":0,"comment_status":"closed","ping_status":"closed","template":"","meta":{"footnotes":""},"class_list":["post-18","page","type-page","status-publish","hentry"],"_links":{"self":[{"href":"https:\/\/pamukarchitektur.de\/en\/wp-json\/wp\/v2\/pages\/18","targetHints":{"allow":["GET"]}}],"collection":[{"href":"https:\/\/pamukarchitektur.de\/en\/wp-json\/wp\/v2\/pages"}],"about":[{"href":"https:\/\/pamukarchitektur.de\/en\/wp-json\/wp\/v2\/types\/page"}],"author":[{"embeddable":true,"href":"https:\/\/pamukarchitektur.de\/en\/wp-json\/wp\/v2\/users\/1"}],"replies":[{"embeddable":true,"href":"https:\/\/pamukarchitektur.de\/en\/wp-json\/wp\/v2\/comments?post=18"}],"version-history":[{"count":3,"href":"https:\/\/pamukarchitektur.de\/en\/wp-json\/wp\/v2\/pages\/18\/revisions"}],"predecessor-version":[{"id":615,"href":"https:\/\/pamukarchitektur.de\/en\/wp-json\/wp\/v2\/pages\/18\/revisions\/615"}],"wp:attachment":[{"href":"https:\/\/pamukarchitektur.de\/en\/wp-json\/wp\/v2\/media?parent=18"}],"curies":[{"name":"wp","href":"https:\/\/api.w.org\/{rel}","templated":true}]}}